{"id":1114,"date":"2023-07-19T20:05:01","date_gmt":"2023-07-19T20:05:01","guid":{"rendered":"https:\/\/dontgetcannabusted.ca\/conditions-dutilisation\/"},"modified":"2023-08-11T22:03:51","modified_gmt":"2023-08-11T22:03:51","slug":"conditions-dutilisation","status":"publish","type":"page","link":"https:\/\/dontgetcannabusted.ca\/fr\/conditions-dutilisation\/","title":{"rendered":"Conditions d\u2019utilisation"},"content":{"rendered":"\n<h2 class=\"wp-block-heading\">Accessibilit\u00e9<\/h2>\n\n\n\n<p>Veuillez <a href=\"mailto:info@lgcamb.ca\" target=\"_blank\" rel=\"noreferrer noopener\">nous envoyer un courriel<\/a> si vous avez besoin de ce contenu dans d\u2019autres formats.<\/p>\n\n\n\n<h2 class=\"wp-block-heading\">Responsabilit\u00e9<\/h2>\n\n\n\n<p>La RAJC fournit ce site Web en tant que service public. Le mat\u00e9riel sur ce site Web est fourni uniquement pour renseigner l\u2019utilisateur et, bien qu\u2019il soit jug\u00e9 fiable, il ne peut \u00eatre garanti. La RAJC ou le gouvernement du Manitoba ne peuvent en aucun cas \u00eatre tenus responsables des dommages. La RAJC n\u2019approuve, ne recommande ni ne contr\u00f4le les sites Web li\u00e9s et n\u2019accepte aucune responsabilit\u00e9 quant \u00e0 leur contenu ou aux opinions exprim\u00e9es.<\/p>\n\n\n\n<h2 class=\"wp-block-heading\">Vie priv\u00e9e<\/h2>\n\n\n\n<p>La RAJC s\u2019engage \u00e0 prot\u00e9ger votre vie priv\u00e9e. Tous les renseignements personnels que vous fournissez par l\u2019entremise du site Web de la RAJC sont recueillis en vertu de la Loi sur les boissons alcoolis\u00e9es, les jeux et le cannabis, des r\u00e8glements connexes et de l\u2019alin\u00e9a 36(1)a) de la Loi sur l\u2019acc\u00e8s \u00e0 l\u2019information et la protection de la vie priv\u00e9e (LAIPVP). Les renseignements ne seront utilis\u00e9s qu\u2019aux fins pour lesquelles ils ont \u00e9t\u00e9 recueillis, \u00e0 moins que vous n\u2019y consentiez autrement ou que nous soyons autoris\u00e9s \u00e0 le faire par la LAIPVP.<\/p>\n","protected":false},"excerpt":{"rendered":"<p>Accessibilit\u00e9 Veuillez nous envoyer un courriel si vous avez besoin de ce contenu dans d\u2019autres formats. Responsabilit\u00e9 La RAJC fournit ce site Web en tant que service public. Le mat\u00e9riel sur ce site Web est fourni uniquement pour renseigner l\u2019utilisateur et, bien qu\u2019il soit jug\u00e9 fiable, il ne peut \u00eatre garanti. La RAJC ou le [&hellip;]<\/p>\n","protected":false},"author":1,"featured_media":0,"parent":0,"menu_order":0,"comment_status":"closed","ping_status":"open","template":"","meta":{"_acf_changed":false,"footnotes":""},"class_list":["post-1114","page","type-page","status-publish","hentry"],"acf":[],"yoast_head":"<!-- This site is optimized with the Yoast SEO plugin v24.9 - https:\/\/yoast.com\/wordpress\/plugins\/seo\/ -->\n<title>Conditions d\u2019utilisation - Liquor, Gaming and Cannabis Authority of Manitoba<\/title>\n<meta name=\"robots\" content=\"index, follow, max-snippet:-1, max-image-preview:large, max-video-preview:-1\" \/>\n<link rel=\"canonical\" href=\"https:\/\/dontgetcannabusted.ca\/fr\/conditions-dutilisation\/\" \/>\n<meta property=\"og:locale\" content=\"fr_FR\" \/>\n<meta property=\"og:type\" content=\"article\" \/>\n<meta property=\"og:title\" content=\"Conditions d\u2019utilisation - Liquor, Gaming and Cannabis Authority of Manitoba\" \/>\n<meta property=\"og:description\" content=\"Accessibilit\u00e9 Veuillez nous envoyer un courriel si vous avez besoin de ce contenu dans d\u2019autres formats. Responsabilit\u00e9 La RAJC fournit ce site Web en tant que service public. Le mat\u00e9riel sur ce site Web est fourni uniquement pour renseigner l\u2019utilisateur et, bien qu\u2019il soit jug\u00e9 fiable, il ne peut \u00eatre garanti. La RAJC ou le [&hellip;]\" \/>\n<meta property=\"og:url\" content=\"https:\/\/dontgetcannabusted.ca\/fr\/conditions-dutilisation\/\" \/>\n<meta property=\"og:site_name\" content=\"Liquor, Gaming and Cannabis Authority of Manitoba\" \/>\n<meta property=\"article:modified_time\" content=\"2023-08-11T22:03:51+00:00\" \/>\n<meta name=\"twitter:card\" content=\"summary_large_image\" \/>\n<meta name=\"twitter:label1\" content=\"Dur\u00e9e de lecture estim\u00e9e\" \/>\n\t<meta name=\"twitter:data1\" content=\"1 minute\" \/>\n<script type=\"application\/ld+json\" class=\"yoast-schema-graph\">{\"@context\":\"https:\/\/schema.org\",\"@graph\":[{\"@type\":\"WebPage\",\"@id\":\"https:\/\/dontgetcannabusted.ca\/fr\/conditions-dutilisation\/\",\"url\":\"https:\/\/dontgetcannabusted.ca\/fr\/conditions-dutilisation\/\",\"name\":\"Conditions d\u2019utilisation - Liquor, Gaming and Cannabis Authority of Manitoba\",\"isPartOf\":{\"@id\":\"https:\/\/dontgetcannabusted.ca\/fr\/#website\"},\"datePublished\":\"2023-07-19T20:05:01+00:00\",\"dateModified\":\"2023-08-11T22:03:51+00:00\",\"breadcrumb\":{\"@id\":\"https:\/\/dontgetcannabusted.ca\/fr\/conditions-dutilisation\/#breadcrumb\"},\"inLanguage\":\"fr-FR\",\"potentialAction\":[{\"@type\":\"ReadAction\",\"target\":[\"https:\/\/dontgetcannabusted.ca\/fr\/conditions-dutilisation\/\"]}]},{\"@type\":\"BreadcrumbList\",\"@id\":\"https:\/\/dontgetcannabusted.ca\/fr\/conditions-dutilisation\/#breadcrumb\",\"itemListElement\":[{\"@type\":\"ListItem\",\"position\":1,\"name\":\"Home\",\"item\":\"https:\/\/dontgetcannabusted.ca\/fr\/accueil\/\"},{\"@type\":\"ListItem\",\"position\":2,\"name\":\"Conditions d\u2019utilisation\"}]},{\"@type\":\"WebSite\",\"@id\":\"https:\/\/dontgetcannabusted.ca\/fr\/#website\",\"url\":\"https:\/\/dontgetcannabusted.ca\/fr\/\",\"name\":\"Dont Get Canna-Busted\",\"description\":\"Get the facts and educational resources about legal cannabis, including the laws for its use.\",\"publisher\":{\"@id\":\"https:\/\/dontgetcannabusted.ca\/fr\/#organization\"},\"potentialAction\":[{\"@type\":\"SearchAction\",\"target\":{\"@type\":\"EntryPoint\",\"urlTemplate\":\"https:\/\/dontgetcannabusted.ca\/fr\/?s={search_term_string}\"},\"query-input\":{\"@type\":\"PropertyValueSpecification\",\"valueRequired\":true,\"valueName\":\"search_term_string\"}}],\"inLanguage\":\"fr-FR\"},{\"@type\":\"Organization\",\"@id\":\"https:\/\/dontgetcannabusted.ca\/fr\/#organization\",\"name\":\"Dont Get Canna-Busted\",\"url\":\"https:\/\/dontgetcannabusted.ca\/fr\/\",\"logo\":{\"@type\":\"ImageObject\",\"inLanguage\":\"fr-FR\",\"@id\":\"https:\/\/dontgetcannabusted.ca\/fr\/#\/schema\/logo\/image\/\",\"url\":\"https:\/\/dontgetcannabusted.ca\/wp-content\/uploads\/2023\/08\/evitez-logo.webp\",\"contentUrl\":\"https:\/\/dontgetcannabusted.ca\/wp-content\/uploads\/2023\/08\/evitez-logo.webp\",\"width\":349,\"height\":177,\"caption\":\"Dont Get Canna-Busted\"},\"image\":{\"@id\":\"https:\/\/dontgetcannabusted.ca\/fr\/#\/schema\/logo\/image\/\"}}]}<\/script>\n<!-- \/ Yoast SEO plugin. -->","yoast_head_json":{"title":"Conditions d\u2019utilisation - Liquor, Gaming and Cannabis Authority of Manitoba","robots":{"index":"index","follow":"follow","max-snippet":"max-snippet:-1","max-image-preview":"max-image-preview:large","max-video-preview":"max-video-preview:-1"},"canonical":"https:\/\/dontgetcannabusted.ca\/fr\/conditions-dutilisation\/","og_locale":"fr_FR","og_type":"article","og_title":"Conditions d\u2019utilisation - Liquor, Gaming and Cannabis Authority of Manitoba","og_description":"Accessibilit\u00e9 Veuillez nous envoyer un courriel si vous avez besoin de ce contenu dans d\u2019autres formats. Responsabilit\u00e9 La RAJC fournit ce site Web en tant que service public. Le mat\u00e9riel sur ce site Web est fourni uniquement pour renseigner l\u2019utilisateur et, bien qu\u2019il soit jug\u00e9 fiable, il ne peut \u00eatre garanti. La RAJC ou le [&hellip;]","og_url":"https:\/\/dontgetcannabusted.ca\/fr\/conditions-dutilisation\/","og_site_name":"Liquor, Gaming and Cannabis Authority of Manitoba","article_modified_time":"2023-08-11T22:03:51+00:00","twitter_card":"summary_large_image","twitter_misc":{"Dur\u00e9e de lecture estim\u00e9e":"1 minute"},"schema":{"@context":"https:\/\/schema.org","@graph":[{"@type":"WebPage","@id":"https:\/\/dontgetcannabusted.ca\/fr\/conditions-dutilisation\/","url":"https:\/\/dontgetcannabusted.ca\/fr\/conditions-dutilisation\/","name":"Conditions d\u2019utilisation - Liquor, Gaming and Cannabis Authority of Manitoba","isPartOf":{"@id":"https:\/\/dontgetcannabusted.ca\/fr\/#website"},"datePublished":"2023-07-19T20:05:01+00:00","dateModified":"2023-08-11T22:03:51+00:00","breadcrumb":{"@id":"https:\/\/dontgetcannabusted.ca\/fr\/conditions-dutilisation\/#breadcrumb"},"inLanguage":"fr-FR","potentialAction":[{"@type":"ReadAction","target":["https:\/\/dontgetcannabusted.ca\/fr\/conditions-dutilisation\/"]}]},{"@type":"BreadcrumbList","@id":"https:\/\/dontgetcannabusted.ca\/fr\/conditions-dutilisation\/#breadcrumb","itemListElement":[{"@type":"ListItem","position":1,"name":"Home","item":"https:\/\/dontgetcannabusted.ca\/fr\/accueil\/"},{"@type":"ListItem","position":2,"name":"Conditions d\u2019utilisation"}]},{"@type":"WebSite","@id":"https:\/\/dontgetcannabusted.ca\/fr\/#website","url":"https:\/\/dontgetcannabusted.ca\/fr\/","name":"Dont Get Canna-Busted","description":"Get the facts and educational resources about legal cannabis, including the laws for its use.","publisher":{"@id":"https:\/\/dontgetcannabusted.ca\/fr\/#organization"},"potentialAction":[{"@type":"SearchAction","target":{"@type":"EntryPoint","urlTemplate":"https:\/\/dontgetcannabusted.ca\/fr\/?s={search_term_string}"},"query-input":{"@type":"PropertyValueSpecification","valueRequired":true,"valueName":"search_term_string"}}],"inLanguage":"fr-FR"},{"@type":"Organization","@id":"https:\/\/dontgetcannabusted.ca\/fr\/#organization","name":"Dont Get Canna-Busted","url":"https:\/\/dontgetcannabusted.ca\/fr\/","logo":{"@type":"ImageObject","inLanguage":"fr-FR","@id":"https:\/\/dontgetcannabusted.ca\/fr\/#\/schema\/logo\/image\/","url":"https:\/\/dontgetcannabusted.ca\/wp-content\/uploads\/2023\/08\/evitez-logo.webp","contentUrl":"https:\/\/dontgetcannabusted.ca\/wp-content\/uploads\/2023\/08\/evitez-logo.webp","width":349,"height":177,"caption":"Dont Get Canna-Busted"},"image":{"@id":"https:\/\/dontgetcannabusted.ca\/fr\/#\/schema\/logo\/image\/"}}]}},"_links":{"self":[{"href":"https:\/\/dontgetcannabusted.ca\/fr\/wp-json\/wp\/v2\/pages\/1114","targetHints":{"allow":["GET"]}}],"collection":[{"href":"https:\/\/dontgetcannabusted.ca\/fr\/wp-json\/wp\/v2\/pages"}],"about":[{"href":"https:\/\/dontgetcannabusted.ca\/fr\/wp-json\/wp\/v2\/types\/page"}],"author":[{"embeddable":true,"href":"https:\/\/dontgetcannabusted.ca\/fr\/wp-json\/wp\/v2\/users\/1"}],"replies":[{"embeddable":true,"href":"https:\/\/dontgetcannabusted.ca\/fr\/wp-json\/wp\/v2\/comments?post=1114"}],"version-history":[{"count":0,"href":"https:\/\/dontgetcannabusted.ca\/fr\/wp-json\/wp\/v2\/pages\/1114\/revisions"}],"wp:attachment":[{"href":"https:\/\/dontgetcannabusted.ca\/fr\/wp-json\/wp\/v2\/media?parent=1114"}],"curies":[{"name":"wp","href":"https:\/\/api.w.org\/{rel}","templated":true}]}}