{"id":673,"date":"2023-07-24T15:00:21","date_gmt":"2023-07-24T20:00:21","guid":{"rendered":"https:\/\/dontgetcannabu.wpengine.com\/connaitre-les-lois\/"},"modified":"2025-05-27T11:39:31","modified_gmt":"2025-05-27T16:39:31","slug":"connaitre-les-lois","status":"publish","type":"page","link":"https:\/\/dontgetcannabusted.ca\/fr\/connaitre-les-lois\/","title":{"rendered":"CONNA\u00ceTRE LES LOIS"},"content":{"rendered":"\n<div class=\"wp-block-columns is-layout-flex wp-container-core-columns-is-layout-9d6595d7 wp-block-columns-is-layout-flex\">\n<div class=\"wp-block-column is-layout-flow wp-block-column-is-layout-flow\" style=\"flex-basis:66.66%\">\n<div style=\"height:100px\" aria-hidden=\"true\" class=\"wp-block-spacer knows-laws-spacer\"><\/div>\n\n\n\n<h1 class=\"wp-block-heading\">Conna\u00eetre les lois<\/h1>\n\n\n\n<p>Ce n\u2019est pas parce que quelque chose est l\u00e9gal qu\u2019il n\u2019y a pas de lois qui s\u2019appliquent.  Prot\u00e9gez-vous en vous assurant de conna\u00eetre les lois.<\/p>\n\n\n\n<h2 class=\"wp-block-heading\">LOIS SUR LE CANNABIS AU MANITOBA<\/h2>\n<\/div>\n\n\n\n<div class=\"wp-block-column animation-leaf-column-2 z-5 is-layout-flow wp-block-column-is-layout-flow\">\n<figure class=\"wp-block-image size-large animated-leaf-2\"><img decoding=\"async\" src=\"https:\/\/dontgetcannabusted.ca\/wp-content\/uploads\/2023\/08\/Leaf@2x-1-691x1024.png\" alt=\"\" class=\"wp-image-167\"\/><\/figure>\n<\/div>\n<\/div>\n\n\n\n<div class=\"wp-block-group\"><div class=\"wp-block-group__inner-container is-layout-constrained wp-block-group-is-layout-constrained\">\n<div class=\"wp-block-media-text alignwide is-stacked-on-mobile legislation-blocks legis-1\" style=\"grid-template-columns:15% auto\"><figure class=\"wp-block-media-text__media\"><img loading=\"lazy\" decoding=\"async\" width=\"310\" height=\"391\" src=\"https:\/\/dontgetcannabusted.ca\/wp-content\/uploads\/2023\/08\/cb115d921de004002af087efadd1c1d9@2x.png\" alt=\"\" class=\"wp-image-974 size-full\" srcset=\"https:\/\/dontgetcannabusted.ca\/wp-content\/uploads\/2023\/08\/cb115d921de004002af087efadd1c1d9@2x.png 310w, https:\/\/dontgetcannabusted.ca\/wp-content\/uploads\/2023\/08\/cb115d921de004002af087efadd1c1d9@2x-238x300.png 238w\" sizes=\"auto, (max-width: 310px) 100vw, 310px\" \/><\/figure><div class=\"wp-block-media-text__content\">\n<p>Vous devez avoir plus de 19 ans pour acheter ou consommer du cannabis (y compris des produits comestibles, des extraits, des boissons et des produits topiques).<\/p>\n\n\n\n<p><img loading=\"lazy\" decoding=\"async\" width=\"20\" height=\"18\" class=\"wp-image-333 imp-icon\" style=\"width: 20px;\" src=\"https:\/\/dontgetcannabusted.ca\/wp-content\/uploads\/2023\/07\/30d864d40770d51dbe1abf0062acecf2.svg\" alt=\"\"><strong>Les jeunes de moins de 19 ans en possession de cannabis sont passibles d\u2019une amende de 672 $.  Une personne qui fournit du cannabis \u00e0 une personne de moins de 19 ans : <br><span class=\"stats-red\">2 542 $<\/span> \u2013 <span class=\"stats-red\">et jusqu\u2019\u00e0 14 ans de prison.<\/span><\/strong><\/p>\n<\/div><\/div>\n\n\n\n<div class=\"wp-block-media-text alignwide is-stacked-on-mobile legislation-blocks legis-2\" style=\"grid-template-columns:15% auto\"><figure class=\"wp-block-media-text__media\"><img loading=\"lazy\" decoding=\"async\" width=\"209\" height=\"168\" src=\"https:\/\/dontgetcannabusted.ca\/wp-content\/uploads\/2023\/07\/4a966d042b6c2230751de2314535fb5e.svg\" alt=\"\" class=\"wp-image-330 size-full\"\/><\/figure><div class=\"wp-block-media-text__content\">\n<p>Vous ne pouvez acheter qu\u2019aupr\u00e8s de d\u00e9taillants agr\u00e9\u00e9s.<\/p>\n\n\n\n<p><img loading=\"lazy\" decoding=\"async\" width=\"20\" height=\"18\" class=\"wp-image-333 imp-icon\" style=\"width: 20px;\" src=\"https:\/\/dontgetcannabusted.ca\/wp-content\/uploads\/2023\/07\/30d864d40770d51dbe1abf0062acecf2.svg\" alt=\"\"> <strong>Vous pourriez passer jusqu\u2019\u00e0 5 ans en prison pour possession ill\u00e9gale de cannabis. Si c\u2019est vous qui vendez ill\u00e9galement, vous pourriez \u00eatre condamn\u00e9 \u00e0 une amende de <span class=\"stats-red\">2 542 $<\/span> ou \u00e0 une peine d\u2019emprisonnement pouvant aller jusqu\u2019\u00e0 <span class=\"stats-red\">14 ans<\/span>.&nbsp;<\/strong><\/p>\n<\/div><\/div>\n<\/div><\/div>\n\n\n\n<div class=\"wp-block-columns is-layout-flex wp-container-core-columns-is-layout-9d6595d7 wp-block-columns-is-layout-flex\">\n<div class=\"wp-block-column is-layout-flow wp-block-column-is-layout-flow\" style=\"flex-basis:75%\">\n<div class=\"wp-block-group\"><div class=\"wp-block-group__inner-container is-layout-constrained wp-block-group-is-layout-constrained\">\n<div class=\"wp-block-media-text alignwide is-stacked-on-mobile legislation-blocks legis-3\" style=\"grid-template-columns:15% auto\"><figure class=\"wp-block-media-text__media\"><img loading=\"lazy\" decoding=\"async\" width=\"323\" height=\"351\" src=\"https:\/\/dontgetcannabusted.ca\/wp-content\/uploads\/2023\/08\/Group-595@2x-1.png\" alt=\"\" class=\"wp-image-982 size-full\" srcset=\"https:\/\/dontgetcannabusted.ca\/wp-content\/uploads\/2023\/08\/Group-595@2x-1.png 323w, https:\/\/dontgetcannabusted.ca\/wp-content\/uploads\/2023\/08\/Group-595@2x-1-276x300.png 276w\" sizes=\"auto, (max-width: 323px) 100vw, 323px\" \/><\/figure><div class=\"wp-block-media-text__content\">\n<p>Vous ne pouvez transporter que jusqu\u2019\u00e0 30 grammes de cannabis \u00e0 des fins non m\u00e9dicales.<\/p>\n\n\n\n<p><img loading=\"lazy\" decoding=\"async\" width=\"20\" height=\"18\" class=\"wp-image-333 imp-icon\" style=\"width: 20px;\" src=\"https:\/\/dontgetcannabusted.ca\/wp-content\/uploads\/2023\/07\/30d864d40770d51dbe1abf0062acecf2.svg\" alt=\"\"><strong>La peine actuelle pour possession de plus de 30 grammes de cannabis : <span class=\"stats-red\">une amende maximale de 672 $<\/span>.<\/strong><\/p>\n<\/div><\/div>\n\n\n\n<div class=\"wp-block-media-text alignwide is-stacked-on-mobile legislation-blocks legis-4\" style=\"grid-template-columns:15% auto\"><figure class=\"wp-block-media-text__media\"><img loading=\"lazy\" decoding=\"async\" width=\"147\" height=\"148\" src=\"https:\/\/dontgetcannabusted.ca\/wp-content\/uploads\/2023\/08\/Group-704.svg\" alt=\"\" class=\"wp-image-398 size-full\"\/><\/figure><div class=\"wp-block-media-text__content\">\n<p><img loading=\"lazy\" decoding=\"async\" width=\"20\" height=\"18\" class=\"wp-image-333 imp-icon\" style=\"width: 20px;\" src=\"https:\/\/dontgetcannabusted.ca\/wp-content\/uploads\/2023\/07\/30d864d40770d51dbe1abf0062acecf2.svg\" alt=\"\"><strong>Vous pouvez cultiver \u00e0 domicile un maximum de quatre plantes de cannabis \u00e0 des fins non m\u00e9dicales, et qui doivent provenir de sources l\u00e9gales.&nbsp;<\/strong>&nbsp;<\/p>\n<\/div><\/div>\n<\/div><\/div>\n<\/div>\n\n\n\n<div class=\"wp-block-column is-layout-flow wp-block-column-is-layout-flow\" style=\"flex-basis:30%\">\n<div class=\"wp-block-group legislation-blocks legis-5\"><div class=\"wp-block-group__inner-container is-layout-constrained wp-block-group-is-layout-constrained\">\n<figure class=\"wp-block-image size-full is-resized first-X\"><img loading=\"lazy\" decoding=\"async\" width=\"245\" height=\"245\" src=\"https:\/\/dontgetcannabusted.ca\/wp-content\/uploads\/2023\/08\/Union-24@2x.png\" alt=\"\" class=\"wp-image-976\" style=\"width:69px;height:69px\" srcset=\"https:\/\/dontgetcannabusted.ca\/wp-content\/uploads\/2023\/08\/Union-24@2x.png 245w, https:\/\/dontgetcannabusted.ca\/wp-content\/uploads\/2023\/08\/Union-24@2x-150x150.png 150w\" sizes=\"auto, (max-width: 245px) 100vw, 245px\" \/><\/figure>\n\n\n\n<p>Vous ne pouvez consommer aucune forme de cannabis \u00e0 des fins non m\u00e9dicales en public au Manitoba.<\/p>\n\n\n\n<p><img loading=\"lazy\" decoding=\"async\" width=\"20\" height=\"18\" class=\"wp-image-333 imp-icon\" style=\"width: 20px;\" src=\"\/wp-content\/uploads\/2023\/07\/30d864d40770d51dbe1abf0062acecf2.svg\" alt=\"\"> <strong>Les amendes varient de <span class=\"stats-red\">100 $ \u00e0 15 000 $!<\/span><\/strong><\/p>\n\n\n\n<figure class=\"wp-block-image size-full is-resized second-X\"><img loading=\"lazy\" decoding=\"async\" width=\"245\" height=\"245\" src=\"https:\/\/dontgetcannabusted.ca\/wp-content\/uploads\/2023\/08\/Union-24@2x.png\" alt=\"\" class=\"wp-image-976\" style=\"width:69px;height:69px\" srcset=\"https:\/\/dontgetcannabusted.ca\/wp-content\/uploads\/2023\/08\/Union-24@2x.png 245w, https:\/\/dontgetcannabusted.ca\/wp-content\/uploads\/2023\/08\/Union-24@2x-150x150.png 150w\" sizes=\"auto, (max-width: 245px) 100vw, 245px\" \/><\/figure>\n<\/div><\/div>\n<\/div>\n<\/div>\n\n\n\n<div class=\"wp-block-group\"><div class=\"wp-block-group__inner-container is-layout-constrained wp-block-group-is-layout-constrained\">\n<div class=\"wp-block-media-text alignwide is-stacked-on-mobile legislation-blocks legis-6\" style=\"grid-template-columns:15% auto\"><figure class=\"wp-block-media-text__media\"><img loading=\"lazy\" decoding=\"async\" width=\"136\" height=\"114\" src=\"https:\/\/dontgetcannabusted.ca\/wp-content\/uploads\/2023\/07\/7a95b05b39dc5b0591870b4da5a712f6.svg\" alt=\"\" class=\"wp-image-331 size-full\"\/><\/figure><div class=\"wp-block-media-text__content\">\n<p>Vous ne pouvez pas conduire avec les facult\u00e9s affaiblies au Manitoba.<\/p>\n\n\n\n<p><img loading=\"lazy\" decoding=\"async\" width=\"20\" height=\"18\" class=\"wp-image-333 imp-icon\" style=\"width: 20px;\" src=\"https:\/\/dontgetcannabusted.ca\/wp-content\/uploads\/2023\/07\/30d864d40770d51dbe1abf0062acecf2.svg\" alt=\"\"><strong>Vous pouvez \u00eatre accus\u00e9 et faire face \u00e0 des sanctions en vertu du Code criminel (Canada), allant d\u2019une amende d\u2019au moins <span class=\"stats-red\">1 000 $<\/span> (avec des peines d\u2019emprisonnement obligatoires pour les infractions subs\u00e9quentes) et \u00e0 l\u2019interdiction de conduire pendant un \u00e0 trois ans.<br><br>Les conducteurs aux facult\u00e9s affaiblies sont \u00e9galement passibles de p\u00e9nalit\u00e9s en vertu du Code de la route, y compris la suspension du permis, la mise en fourri\u00e8re du v\u00e9hicule et l\u2019imposition d\u2019exigences relatives \u00e0 l\u2019utilisation des antid\u00e9marreurs.<\/strong><\/p>\n<\/div><\/div>\n\n\n\n<div class=\"wp-block-media-text alignwide is-stacked-on-mobile legislation-blocks legis-7\" style=\"grid-template-columns:15% auto\"><figure class=\"wp-block-media-text__media\"><img decoding=\"async\" src=\"https:\/\/dontgetcannabusted.ca\/wp-content\/uploads\/2023\/08\/wheel.svg\" alt=\"\" class=\"wp-image-917 size-full\"\/><\/figure><div class=\"wp-block-media-text__content\">\n<p>Vous devez garder votre cannabis hors de port\u00e9e dans votre v\u00e9hicule.<\/p>\n\n\n\n<p><img loading=\"lazy\" decoding=\"async\" width=\"20\" height=\"18\" class=\"wp-image-333 imp-icon\" style=\"width: 20px;\" src=\"https:\/\/dontgetcannabusted.ca\/wp-content\/uploads\/2023\/07\/30d864d40770d51dbe1abf0062acecf2.svg\" alt=\"\"> <strong>Lorsque vous conduisez au Manitoba, vous devez transporter votre cannabis dans la valise ou dans un autre endroit o\u00f9 les gens dans la voiture ne peuvent pas y acc\u00e9der, <span class=\"stats-red\">sinon vous obtiendrez une contravention<\/span>.<\/strong><\/p>\n<\/div><\/div>\n\n\n\n<div class=\"wp-block-media-text alignwide is-stacked-on-mobile legislation-blocks legis-8\" style=\"grid-template-columns:15% auto\"><figure class=\"wp-block-media-text__media\"><img loading=\"lazy\" decoding=\"async\" width=\"133\" height=\"164\" src=\"https:\/\/dontgetcannabusted.ca\/wp-content\/uploads\/2023\/08\/62f4f5f3fc1f6a739015c19acf562558.svg\" alt=\"\" class=\"wp-image-334 size-full\"\/><\/figure><div class=\"wp-block-media-text__content\">\n<p>Vous ne pouvez pas promouvoir l\u2019achat de produits de cannabis aupr\u00e8s des jeunes ou les encourager \u00e0 le faire.<\/p>\n\n\n\n<p><img loading=\"lazy\" decoding=\"async\" width=\"20\" height=\"18\" class=\"wp-image-333 imp-icon\" style=\"width: 20px;\" src=\"https:\/\/dontgetcannabusted.ca\/wp-content\/uploads\/2023\/07\/30d864d40770d51dbe1abf0062acecf2.svg\" alt=\"\"> <strong>Vous pouvez consulter la Loi sur le cannabis pour plus de d\u00e9tails, mais les infractions sont passibles d\u2019une amende pouvant aller jusqu\u2019\u00e0 <span class=\"stats-red\">5 millions de dollars ou de 3 ans de prison!<\/span><\/strong><\/p>\n<\/div><\/div>\n\n\n\n<div class=\"wp-block-media-text alignwide is-stacked-on-mobile legislation-blocks legis-9\" style=\"grid-template-columns:15% auto\"><figure class=\"wp-block-media-text__media\"><img loading=\"lazy\" decoding=\"async\" width=\"167\" height=\"128\" src=\"https:\/\/dontgetcannabusted.ca\/wp-content\/uploads\/2023\/08\/f5865cd1b3c134056efd4cf56de6aef8.svg\" alt=\"\" class=\"wp-image-336 size-full\"\/><\/figure><div class=\"wp-block-media-text__content\">\n<p>Vous ne pouvez pas conduire un bateau avec du cannabis \u00e0 bord \u00e0 moins que le produit ne soit stock\u00e9 dans un compartiment ferm\u00e9. <\/p>\n\n\n\n<p><img decoding=\"async\" class=\"wp-image-333 imp-icon\" style=\"width: 20px;\" src=\"https:\/\/dontgetcannabusted.ca\/wp-content\/uploads\/2023\/08\/30d864d40770d51dbe1abf0062acecf2@2x.png\" alt=\"\"> <strong>Le transport inad\u00e9quat de cannabis dans un bateau au Manitoba peut entra\u00eener <span class=\"stats-red\">une amende de 237 $<\/span>.<\/strong><\/p>\n<\/div><\/div>\n<\/div><\/div>\n\n\n\n<div class=\"wp-block-group alignfull\"><div class=\"wp-block-group__inner-container is-layout-constrained wp-block-group-is-layout-constrained\">\n<div class=\"loop-home\"><\/div>\n\n\n\n<div class=\"wp-block-columns is-layout-flex wp-container-core-columns-is-layout-9d6595d7 wp-block-columns-is-layout-flex\">\n<div class=\"wp-block-column criminal-code-column z-5 is-layout-flow wp-block-column-is-layout-flow\">\n<div class=\"wp-block-group\"><div class=\"wp-block-group__inner-container is-layout-constrained wp-block-group-is-layout-constrained\">\n<h2 class=\"wp-block-heading\">Le Code criminel (Canada) et le jeu-questionnaire sur le cannabis<\/h2>\n\n\n\n<p>Pensez-vous conna\u00eetre les lois manitobaines sur le cannabis? V\u00e9rifions! Il est temps de tester vos connaissances des lois ET des sanctions en mati\u00e8re de cannabis au Manitoba.<\/p>\n\n\n\n<div class=\"wp-block-group\"><div class=\"wp-block-group__inner-container is-layout-constrained wp-block-group-is-layout-constrained\">\n<div class=\"wp-block-buttons is-content-justification-left is-layout-flex wp-container-core-buttons-is-layout-fdcfc74e wp-block-buttons-is-layout-flex\">\n<div class=\"wp-block-button arrw-btn is-style-fill\"><a class=\"wp-block-button__link has-text-align-center wp-element-button\" href=\"https:\/\/dontgetcannabusted.ca\/fr\/askweedgpt\/\">Discutez avec WeedGPT <img loading=\"lazy\" decoding=\"async\" width=\"81\" height=\"19\" class=\"wp-image-44 design-arrw\" style=\"width: 81px;\" src=\"https:\/\/dontgetcannabusted.ca\/wp-content\/uploads\/2023\/08\/design-arrw.png\" alt=\"\"> <img loading=\"lazy\" decoding=\"async\" width=\"86\" height=\"19\" class=\"wp-image-45 design-arrw-hover\" style=\"width: 86px;\" src=\"https:\/\/dontgetcannabusted.ca\/wp-content\/uploads\/2023\/08\/design-arrw-hover.png\" alt=\"\"><\/a><\/div>\n<\/div>\n<\/div><\/div>\n<\/div><\/div>\n<\/div>\n\n\n\n<div class=\"wp-block-column is-vertically-aligned-center is-layout-flow wp-block-column-is-layout-flow\"><div class=\"wp-block-image black-totop z-5\">\n<figure class=\"alignright size-full is-resized\"><a href=\"#site-header\"><img decoding=\"async\" src=\"https:\/\/dontgetcannabusted.ca\/wp-content\/uploads\/2023\/08\/black-back-to-top-icon-1.png\" alt=\"\" class=\"wp-image-892\" style=\"width:82px;height:82px\"\/><\/a><\/figure>\n<\/div><\/div>\n<\/div>\n<\/div><\/div>\n","protected":false},"excerpt":{"rendered":"<p>Conna\u00eetre les lois Ce n\u2019est pas parce que quelque chose est l\u00e9gal qu\u2019il n\u2019y a pas de lois qui s\u2019appliquent. Prot\u00e9gez-vous en vous assurant de conna\u00eetre les lois. LOIS SUR LE CANNABIS AU MANITOBA Vous devez avoir plus de 19 ans pour acheter ou consommer du cannabis (y compris des produits comestibles, des extraits, des [&hellip;]<\/p>\n","protected":false},"author":1,"featured_media":0,"parent":0,"menu_order":0,"comment_status":"closed","ping_status":"closed","template":"","meta":{"_acf_changed":false,"footnotes":""},"class_list":["post-673","page","type-page","status-publish","hentry"],"acf":[],"yoast_head":"<!-- This site is optimized with the Yoast SEO plugin v24.9 - https:\/\/yoast.com\/wordpress\/plugins\/seo\/ -->\n<title>CONNA\u00ceTRE LES LOIS - Liquor, Gaming and Cannabis Authority of Manitoba<\/title>\n<meta name=\"description\" content=\"Renseignements sur les lois relatives \u00e0 l\u2019achat, au transport, \u00e0 l\u2019utilisation et \u00e0 l\u2019entreposage du cannabis \u00e0 des fins non m\u00e9dicales au Manitoba.\" \/>\n<meta name=\"robots\" content=\"index, follow, max-snippet:-1, max-image-preview:large, max-video-preview:-1\" \/>\n<link rel=\"canonical\" href=\"https:\/\/dontgetcannabusted.ca\/fr\/connaitre-les-lois\/\" \/>\n<meta property=\"og:locale\" content=\"fr_FR\" \/>\n<meta property=\"og:type\" content=\"article\" \/>\n<meta property=\"og:title\" content=\"CONNA\u00ceTRE LES LOIS - Liquor, Gaming and Cannabis Authority of Manitoba\" \/>\n<meta property=\"og:description\" content=\"Renseignements sur les lois relatives \u00e0 l\u2019achat, au transport, \u00e0 l\u2019utilisation et \u00e0 l\u2019entreposage du cannabis \u00e0 des fins non m\u00e9dicales au Manitoba.\" \/>\n<meta property=\"og:url\" content=\"https:\/\/dontgetcannabusted.ca\/fr\/connaitre-les-lois\/\" \/>\n<meta property=\"og:site_name\" content=\"Liquor, Gaming and Cannabis Authority of Manitoba\" \/>\n<meta property=\"article:modified_time\" content=\"2025-05-27T16:39:31+00:00\" \/>\n<meta property=\"og:image\" content=\"https:\/\/dontgetcannabusted.ca\/wp-content\/uploads\/2023\/07\/Leaf@2x-691x1024.png\" \/>\n\t<meta property=\"og:image:width\" content=\"691\" \/>\n\t<meta property=\"og:image:height\" content=\"1024\" \/>\n\t<meta property=\"og:image:type\" content=\"image\/png\" \/>\n<meta name=\"twitter:card\" content=\"summary_large_image\" \/>\n<meta name=\"twitter:label1\" content=\"Dur\u00e9e de lecture estim\u00e9e\" \/>\n\t<meta name=\"twitter:data1\" content=\"7 minutes\" \/>\n<script type=\"application\/ld+json\" class=\"yoast-schema-graph\">{\"@context\":\"https:\/\/schema.org\",\"@graph\":[{\"@type\":\"WebPage\",\"@id\":\"https:\/\/dontgetcannabusted.ca\/fr\/connaitre-les-lois\/\",\"url\":\"https:\/\/dontgetcannabusted.ca\/fr\/connaitre-les-lois\/\",\"name\":\"CONNA\u00ceTRE LES LOIS - Liquor, Gaming and Cannabis Authority of Manitoba\",\"isPartOf\":{\"@id\":\"https:\/\/dontgetcannabusted.ca\/fr\/#website\"},\"primaryImageOfPage\":{\"@id\":\"https:\/\/dontgetcannabusted.ca\/fr\/connaitre-les-lois\/#primaryimage\"},\"image\":{\"@id\":\"https:\/\/dontgetcannabusted.ca\/fr\/connaitre-les-lois\/#primaryimage\"},\"thumbnailUrl\":\"https:\/\/dontgetcannabusted.ca\/wp-content\/uploads\/2023\/08\/Leaf@2x-1-691x1024.png\",\"datePublished\":\"2023-07-24T20:00:21+00:00\",\"dateModified\":\"2025-05-27T16:39:31+00:00\",\"description\":\"Renseignements sur les lois relatives \u00e0 l\u2019achat, au transport, \u00e0 l\u2019utilisation et \u00e0 l\u2019entreposage du cannabis \u00e0 des fins non m\u00e9dicales au Manitoba.\",\"breadcrumb\":{\"@id\":\"https:\/\/dontgetcannabusted.ca\/fr\/connaitre-les-lois\/#breadcrumb\"},\"inLanguage\":\"fr-FR\",\"potentialAction\":[{\"@type\":\"ReadAction\",\"target\":[\"https:\/\/dontgetcannabusted.ca\/fr\/connaitre-les-lois\/\"]}]},{\"@type\":\"ImageObject\",\"inLanguage\":\"fr-FR\",\"@id\":\"https:\/\/dontgetcannabusted.ca\/fr\/connaitre-les-lois\/#primaryimage\",\"url\":\"https:\/\/dontgetcannabusted.ca\/wp-content\/uploads\/2023\/08\/Leaf@2x-1-691x1024.png\",\"contentUrl\":\"https:\/\/dontgetcannabusted.ca\/wp-content\/uploads\/2023\/08\/Leaf@2x-1-691x1024.png\"},{\"@type\":\"BreadcrumbList\",\"@id\":\"https:\/\/dontgetcannabusted.ca\/fr\/connaitre-les-lois\/#breadcrumb\",\"itemListElement\":[{\"@type\":\"ListItem\",\"position\":1,\"name\":\"Home\",\"item\":\"https:\/\/dontgetcannabusted.ca\/fr\/accueil\/\"},{\"@type\":\"ListItem\",\"position\":2,\"name\":\"CONNA\u00ceTRE LES LOIS\"}]},{\"@type\":\"WebSite\",\"@id\":\"https:\/\/dontgetcannabusted.ca\/fr\/#website\",\"url\":\"https:\/\/dontgetcannabusted.ca\/fr\/\",\"name\":\"Dont Get Canna-Busted\",\"description\":\"Get the facts and educational resources about legal cannabis, including the laws for its use.\",\"publisher\":{\"@id\":\"https:\/\/dontgetcannabusted.ca\/fr\/#organization\"},\"potentialAction\":[{\"@type\":\"SearchAction\",\"target\":{\"@type\":\"EntryPoint\",\"urlTemplate\":\"https:\/\/dontgetcannabusted.ca\/fr\/?s={search_term_string}\"},\"query-input\":{\"@type\":\"PropertyValueSpecification\",\"valueRequired\":true,\"valueName\":\"search_term_string\"}}],\"inLanguage\":\"fr-FR\"},{\"@type\":\"Organization\",\"@id\":\"https:\/\/dontgetcannabusted.ca\/fr\/#organization\",\"name\":\"Dont Get Canna-Busted\",\"url\":\"https:\/\/dontgetcannabusted.ca\/fr\/\",\"logo\":{\"@type\":\"ImageObject\",\"inLanguage\":\"fr-FR\",\"@id\":\"https:\/\/dontgetcannabusted.ca\/fr\/#\/schema\/logo\/image\/\",\"url\":\"https:\/\/dontgetcannabusted.ca\/wp-content\/uploads\/2023\/08\/evitez-logo.webp\",\"contentUrl\":\"https:\/\/dontgetcannabusted.ca\/wp-content\/uploads\/2023\/08\/evitez-logo.webp\",\"width\":349,\"height\":177,\"caption\":\"Dont Get Canna-Busted\"},\"image\":{\"@id\":\"https:\/\/dontgetcannabusted.ca\/fr\/#\/schema\/logo\/image\/\"}}]}<\/script>\n<!-- \/ Yoast SEO plugin. -->","yoast_head_json":{"title":"CONNA\u00ceTRE LES LOIS - Liquor, Gaming and Cannabis Authority of Manitoba","description":"Renseignements sur les lois relatives \u00e0 l\u2019achat, au transport, \u00e0 l\u2019utilisation et \u00e0 l\u2019entreposage du cannabis \u00e0 des fins non m\u00e9dicales au Manitoba.","robots":{"index":"index","follow":"follow","max-snippet":"max-snippet:-1","max-image-preview":"max-image-preview:large","max-video-preview":"max-video-preview:-1"},"canonical":"https:\/\/dontgetcannabusted.ca\/fr\/connaitre-les-lois\/","og_locale":"fr_FR","og_type":"article","og_title":"CONNA\u00ceTRE LES LOIS - Liquor, Gaming and Cannabis Authority of Manitoba","og_description":"Renseignements sur les lois relatives \u00e0 l\u2019achat, au transport, \u00e0 l\u2019utilisation et \u00e0 l\u2019entreposage du cannabis \u00e0 des fins non m\u00e9dicales au Manitoba.","og_url":"https:\/\/dontgetcannabusted.ca\/fr\/connaitre-les-lois\/","og_site_name":"Liquor, Gaming and Cannabis Authority of Manitoba","article_modified_time":"2025-05-27T16:39:31+00:00","og_image":[{"width":691,"height":1024,"url":"https:\/\/dontgetcannabusted.ca\/wp-content\/uploads\/2023\/07\/Leaf@2x-691x1024.png","type":"image\/png"}],"twitter_card":"summary_large_image","twitter_misc":{"Dur\u00e9e de lecture estim\u00e9e":"7 minutes"},"schema":{"@context":"https:\/\/schema.org","@graph":[{"@type":"WebPage","@id":"https:\/\/dontgetcannabusted.ca\/fr\/connaitre-les-lois\/","url":"https:\/\/dontgetcannabusted.ca\/fr\/connaitre-les-lois\/","name":"CONNA\u00ceTRE LES LOIS - Liquor, Gaming and Cannabis Authority of Manitoba","isPartOf":{"@id":"https:\/\/dontgetcannabusted.ca\/fr\/#website"},"primaryImageOfPage":{"@id":"https:\/\/dontgetcannabusted.ca\/fr\/connaitre-les-lois\/#primaryimage"},"image":{"@id":"https:\/\/dontgetcannabusted.ca\/fr\/connaitre-les-lois\/#primaryimage"},"thumbnailUrl":"https:\/\/dontgetcannabusted.ca\/wp-content\/uploads\/2023\/08\/Leaf@2x-1-691x1024.png","datePublished":"2023-07-24T20:00:21+00:00","dateModified":"2025-05-27T16:39:31+00:00","description":"Renseignements sur les lois relatives \u00e0 l\u2019achat, au transport, \u00e0 l\u2019utilisation et \u00e0 l\u2019entreposage du cannabis \u00e0 des fins non m\u00e9dicales au Manitoba.","breadcrumb":{"@id":"https:\/\/dontgetcannabusted.ca\/fr\/connaitre-les-lois\/#breadcrumb"},"inLanguage":"fr-FR","potentialAction":[{"@type":"ReadAction","target":["https:\/\/dontgetcannabusted.ca\/fr\/connaitre-les-lois\/"]}]},{"@type":"ImageObject","inLanguage":"fr-FR","@id":"https:\/\/dontgetcannabusted.ca\/fr\/connaitre-les-lois\/#primaryimage","url":"https:\/\/dontgetcannabusted.ca\/wp-content\/uploads\/2023\/08\/Leaf@2x-1-691x1024.png","contentUrl":"https:\/\/dontgetcannabusted.ca\/wp-content\/uploads\/2023\/08\/Leaf@2x-1-691x1024.png"},{"@type":"BreadcrumbList","@id":"https:\/\/dontgetcannabusted.ca\/fr\/connaitre-les-lois\/#breadcrumb","itemListElement":[{"@type":"ListItem","position":1,"name":"Home","item":"https:\/\/dontgetcannabusted.ca\/fr\/accueil\/"},{"@type":"ListItem","position":2,"name":"CONNA\u00ceTRE LES LOIS"}]},{"@type":"WebSite","@id":"https:\/\/dontgetcannabusted.ca\/fr\/#website","url":"https:\/\/dontgetcannabusted.ca\/fr\/","name":"Dont Get Canna-Busted","description":"Get the facts and educational resources about legal cannabis, including the laws for its use.","publisher":{"@id":"https:\/\/dontgetcannabusted.ca\/fr\/#organization"},"potentialAction":[{"@type":"SearchAction","target":{"@type":"EntryPoint","urlTemplate":"https:\/\/dontgetcannabusted.ca\/fr\/?s={search_term_string}"},"query-input":{"@type":"PropertyValueSpecification","valueRequired":true,"valueName":"search_term_string"}}],"inLanguage":"fr-FR"},{"@type":"Organization","@id":"https:\/\/dontgetcannabusted.ca\/fr\/#organization","name":"Dont Get Canna-Busted","url":"https:\/\/dontgetcannabusted.ca\/fr\/","logo":{"@type":"ImageObject","inLanguage":"fr-FR","@id":"https:\/\/dontgetcannabusted.ca\/fr\/#\/schema\/logo\/image\/","url":"https:\/\/dontgetcannabusted.ca\/wp-content\/uploads\/2023\/08\/evitez-logo.webp","contentUrl":"https:\/\/dontgetcannabusted.ca\/wp-content\/uploads\/2023\/08\/evitez-logo.webp","width":349,"height":177,"caption":"Dont Get Canna-Busted"},"image":{"@id":"https:\/\/dontgetcannabusted.ca\/fr\/#\/schema\/logo\/image\/"}}]}},"_links":{"self":[{"href":"https:\/\/dontgetcannabusted.ca\/fr\/wp-json\/wp\/v2\/pages\/673","targetHints":{"allow":["GET"]}}],"collection":[{"href":"https:\/\/dontgetcannabusted.ca\/fr\/wp-json\/wp\/v2\/pages"}],"about":[{"href":"https:\/\/dontgetcannabusted.ca\/fr\/wp-json\/wp\/v2\/types\/page"}],"author":[{"embeddable":true,"href":"https:\/\/dontgetcannabusted.ca\/fr\/wp-json\/wp\/v2\/users\/1"}],"replies":[{"embeddable":true,"href":"https:\/\/dontgetcannabusted.ca\/fr\/wp-json\/wp\/v2\/comments?post=673"}],"version-history":[{"count":0,"href":"https:\/\/dontgetcannabusted.ca\/fr\/wp-json\/wp\/v2\/pages\/673\/revisions"}],"wp:attachment":[{"href":"https:\/\/dontgetcannabusted.ca\/fr\/wp-json\/wp\/v2\/media?parent=673"}],"curies":[{"name":"wp","href":"https:\/\/api.w.org\/{rel}","templated":true}]}}